{"id":1023,"date":"2019-05-10T19:35:56","date_gmt":"2019-05-10T19:35:56","guid":{"rendered":"https:\/\/www.ortofruttabernardi.it\/privacy\/"},"modified":"2019-07-09T07:04:18","modified_gmt":"2019-07-09T07:04:18","slug":"privacy","status":"publish","type":"page","link":"https:\/\/www.ortofruttabernardi.it\/en\/privacy\/","title":{"rendered":"Privacy Policy"},"content":{"rendered":"<div class=\"wpb-content-wrapper\">[vc_row css=&#8221;.vc_custom_1557516971022{margin-top: 20px !important;margin-bottom: 20px !important;}&#8221;][vc_column][vc_column_text]<strong>INFORMATIVA SITO ORTOFRUTTABERNARDI.IT<\/strong><\/p>\n<p><strong>Informativa \u2013 Art. 13 Regolamento UE 2016\/679 (\u201cRegolamento GDPR\u201d)<\/strong><\/p>\n<p><strong>PREMESSA<\/strong><\/p>\n<ul>\n<li><strong>Che cos\u2019\u00e8 questo documento?<\/strong>\u00a0Questo documento \u00e8 l\u2019informativa sui trattamenti dei dati personali relativi al sito www.ortofruttabernardi.it<\/li>\n<li><strong>A chi \u00e8 rivolto questo documento?<\/strong>\u00a0L\u2019informativa \u00e8 destinata a tutti i clienti e fornitori che interagiscono con il sito.<\/li>\n<li><strong>Perch\u00e9 questo documento?<\/strong>\u00a0Il GDPR (Regolamento UE 2016\/679), all\u2019articolo 13, richiede che Lei (l\u2019interessato) venga informato sui dati personali che vengono trattati e su chi li tratter\u00e0, per poterle garantire che il trattamento sia corretto e trasparente. Nel seguito vedr\u00e0 quindi chiaramente elencati:<\/li>\n<\/ul>\n<ol>\n<li><strong>chi<\/strong>\u00a0tratter\u00e0 i suoi dati (Titolare e Responsabili del Trattamento)<\/li>\n<li><strong>quali<\/strong>\u00a0dati personali verranno trattati<\/li>\n<li><strong>le finalit\u00e0\u00a0<\/strong>con cui saranno trattati i dati personali<\/li>\n<li>per\u00a0<strong>quanto tempo<\/strong>\u00a0i dati saranno trattati<\/li>\n<li>quali sono\u00a0<strong>i suoi diritti<\/strong><\/li>\n<\/ol>\n<p><strong>A quali leggi fa riferimento questo documento?<\/strong>\u00a0L\u2019informativa \u00e8 fornita tenendo conto del combinato disposto del:<\/p>\n<ol>\n<li>Regolamento Europeo per la Protezione dei Dati Personali (GDPR) UE 2016\/679<\/li>\n<li>Lgs. 196\/2003 (Codice Privacy), come modificato dal D.Lgs. 101\/2018 e ss.mm.ii<\/li>\n<\/ol>\n<p><strong>INFORMATIVA<\/strong><\/p>\n<p>Il GDPR (Regolamento UE 2016\/679), all\u2019articolo 13, richiede che Lei (l\u2019interessato) venga informato sui dati personali che vengono trattati e su chi li tratter\u00e0, per poterle garantire che il trattamento sia corretto e trasparente.<\/p>\n<h4>1)\u00a0\u00a0\u00a0\u00a0\u00a0\u00a0 TITOLARE DEL TRATTAMENTO<\/h4>\n<p>La societ\u00e0 BERNARDI S.r.l. con sede legale in via S. Martino in Riparotta 5\/T \u2013 47922 Viserba di Rimini (RN), Tel: 0541740436.<\/p>\n<p>Mail per riscontro all\u2019Interessato: info@ortofruttaberanrdi.it PEC: bernardisrl@registerpec.it<\/p>\n<h4>2)\u00a0\u00a0\u00a0\u00a0\u00a0\u00a0 FINALIT\u00c0, BASE GIURIDICA, NATURA DEL TRATTAMENTO E TEMPI DI CONSERVAZIONE<\/h4>\n<p>I suoi dati personali sono raccolti per le seguenti finalit\u00e0:<\/p>\n<ol>\n<li><u>Adempimento di obblighi di legge, regolamento, normativa secondaria:<\/u><\/li>\n<\/ol>\n<ul>\n<li>la base giuridica di questo trattamento \u00e8 la necessit\u00e0 di adempiere ad un obbligo legale a cui \u00e8 soggetto il Titolare del trattamento;<\/li>\n<li>il periodo di conservazione dei dati trattati per questa finalit\u00e0 \u00e8 la durata contrattuale e, dopo la cessazione, per ulteriori 10 anni e, nel caso di contenzioso giudiziale, per tutta la durata dello stesso, fino all\u2019esaurimento dei termini di esperibilit\u00e0 delle azioni di impugnazione;<\/li>\n<li>il conferimento dei dati personali \u00e8 obbligatorio in quanto vi \u00e8 un obbligo legale e l\u2019eventuale rifiuto determiner\u00e0 l\u2019impossibilit\u00e0 a dar corso agli eventuali rapporti contrattuali.<\/li>\n<\/ul>\n<ol>\n<li><u>Rispondere alle richieste di contatto:<\/u><\/li>\n<\/ol>\n<ul>\n<li>la base giuridica di questo trattamento \u00e8 la necessit\u00e0 di eseguire un contratto di cui l\u2019Interessato \u00e8 parte o di eseguire misure precontrattuali adottate su richiesta dell\u2019Interessato;<\/li>\n<li>il periodo di conservazione dei dati trattati per questa finalit\u00e0 \u00e8 la durata contrattuale e, dopo la cessazione, per ulteriori 2 anni;<\/li>\n<li>il conferimento dei dati personali \u00e8 obbligatorio in quanto vi \u00e8 un obbligo contrattuale e l\u2019eventuale rifiuto determiner\u00e0 l\u2019impossibilit\u00e0 a dar corso agli eventuali rapporti contrattuali.<\/li>\n<\/ul>\n<ol>\n<li><u>Invio di materiale informativo e promozionale di attivit\u00e0 del Titolare del trattamento (newsletter, offerte,\u2026) simili a servizi gi\u00e0 resi in precedenza, ricerche di mercato anche in forma anonima (rilevazioni e analisi della soddisfazione dell\u2019Agenzia di Viaggio,\u2026):<\/u><\/li>\n<\/ol>\n<ul>\n<li>la base giuridica di questo trattamento \u00e8 il perseguimento del legittimo interesse del Titolare del trattamento;<\/li>\n<li>il periodo di conservazione dei dati trattati per questa finalit\u00e0 \u00e8 fino a quando l\u2019interessato non chiede di disiscriversi dal servizio di comunicazione promozionale\/invio di newsletter.<\/li>\n<\/ul>\n<h4>3)\u00a0\u00a0\u00a0\u00a0\u00a0\u00a0 DATI PERSONALI TRATTATI<\/h4>\n<p>Per trattamento di dati personali intendiamo qualsiasi operazione o insieme di operazioni, compiute con o senza l\u2019ausilio di processi automatizzati e applicate a dati personali o insiemi di dati personali, come la raccolta, la registrazione, l\u2019organizzazione, la strutturazione, la conservazione, l\u2019adattamento o la modifica, l\u2019estrazione, la consultazione, l\u2019uso, la comunicazione mediante trasmissione, diffusione o qualsiasi altra forma di messa a disposizione, il raffronto o l\u2019interconnessione, la limitazione, la cancellazione o la distruzione.<\/p>\n<p>Potrebbero essere richiesi anche dati qualificabili, ai sensi dell\u2019art. 9 del GDPR, come \u201ccategorie particolari di dati personali\u201d e cio\u00e8 quei dati che rivelano l\u2019origine razziale o etnica, le opinioni politiche, le convinzioni religiose o filosofiche, o l\u2019appartenenza sindacale, dati relativi alla salute o alla vita sessuale o all\u2019orientamento sessuale della persona. Tali categorie di dati potranno essere trattate dal Titolare del trattamento, solo previo consenso esplicito.<\/p>\n<p>I dati personali trattati sono i seguenti:<\/p>\n<ul>\n<li><em>Dati per richiesta informazioni \u201cContattaci Ora\u201d<\/em><\/li>\n<\/ul>\n<p>I dati personali trattati sono i seguenti: Nome, Email, eventuali dati personali contenuti nel Messaggio.<\/p>\n<ul>\n<li><em>Dati di navigazione\u00a0<\/em><\/li>\n<\/ul>\n<p>I sistemi informatici e le procedure software preposte al funzionamento di questo sito acquisiscono, nel corso del loro normale esercizio, alcuni dati personali la cui trasmissione \u00e8 implicita nell\u2019uso dei protocolli di comunicazione di Internet.<\/p>\n<p>In questa categoria di dati rientrano gli indirizzi IP o i nomi a dominio dei computer e dei terminali utilizzati dagli utenti, gli indirizzi in notazione URI\/URL (Uniform Resource Identifier\/Locator) delle risorse richieste, l\u2019orario della richiesta, il metodo utilizzato nel sottoporre la richiesta al server, la dimensione del file ottenuto in risposta, il codice numerico indicante lo stato della risposta data dal server (buon fine, errore, ecc.) ed altri parametri relativi al sistema operativo e all\u2019ambiente informatico dell\u2019utente.<\/p>\n<p>Tali dati, necessari per la fruizione dei servizi web, vengono anche trattati allo scopo di:<\/p>\n<ul>\n<li>ottenere informazioni statistiche sull\u2019uso dei servizi (pagine pi\u00f9 visitate, numero di visitatori per fascia oraria o giornaliera, aree geografiche di provenienza, ecc.);<\/li>\n<li>controllare il corretto funzionamento dei servizi offerti.<\/li>\n<\/ul>\n<p>I dati di navigazione non persistono per pi\u00f9 di 365 giorni e vengono cancellati immediatamente dopo la loro aggregazione (salve eventuali necessit\u00e0 di accertamento di reati da parte dell\u2019Autorit\u00e0 giudiziaria).<\/p>\n<ul>\n<li><em>Dati comunicati dall\u2019utente<\/em><\/li>\n<\/ul>\n<p>L\u2019invio facoltativo, esplicito e volontario di messaggi agli indirizzi di contatto del Titolare del trattamento, comportano l\u2019acquisizione dei dati di contatto del mittente, necessari a rispondere, nonch\u00e9 di tutti i dati personali inclusi nelle comunicazioni.<\/p>\n<p>L\u2019utente ha la facolt\u00e0 di registrarsi al portale per usufruire nell\u2019area riservata dei servizi offerti dal Titolare del trattamento.<\/p>\n<ul>\n<li><em>Cookie e altri sistemi di tracciamento<\/em><\/li>\n<\/ul>\n<p>Si rimanda all\u2019informativa dettagliata disponibile al seguente link: https:\/\/www.ortofruttabernardi.it\/cookie<\/p>\n<h4>4)\u00a0\u00a0\u00a0\u00a0\u00a0\u00a0 DESTINATARI DEI DATI PERSONALI<\/h4>\n<p>I suoi dati personali potranno essere condivisi, per le finalit\u00e0 di cui sopra, con:<\/p>\n<ul>\n<li>soggetti che agiscono tipicamente in qualit\u00e0 di responsabili del trattamento ossia persone, societ\u00e0 o professionisti che prestano attivit\u00e0 di assistenza e consulenza al Titolare in materia contabile, amministrativa, legale, tributaria, finanziaria e di recupero crediti relativamente alla erogazione dei servizi;<\/li>\n<li>soggetti con i quali sia necessario interagire per l\u2019erogazione dei servizi;<\/li>\n<li>soggetti, enti od autorit\u00e0 a cui sia obbligatorio comunicare i suoi dati personali in forza di disposizioni di legge o di ordini delle autorit\u00e0;<\/li>\n<li>personale espressamente autorizzato dal Titolare del trattamento, necessario a svolgere attivit\u00e0 strettamente correlate all\u2019erogazione dei servizi, che si siano impegnate alla riservatezza o abbiano un adeguato obbligo legale di riservatezza e che abbiano ricevuto adeguate istruzioni operative;<\/li>\n<\/ul>\n<p>L\u2019elenco completo dei responsabili del trattamento \u00e8 disponibile inviando una richiesta scritta al Titolare del trattamento.<\/p>\n<h4>5)\u00a0\u00a0\u00a0\u00a0\u00a0\u00a0 TRASFERIMENTO DEI DATI PERSONALI<\/h4>\n<p>Alcuni dei suoi dati personali sono condivisi con destinatari che si potrebbero trovare al di fuori dalla Unione Europea. Il Titolare assicura che il trattamento dei suoi dati personali da parte di questi destinatari avviene nel rispetto del GDPR. Invero, i trasferimenti si possono basare su una decisione di adeguatezza o sulle Clausole Contrattuali Standard approvate dalla Commissione Europea. Maggiori informazioni sono disponibili presso il Titolare del trattamento.<\/p>\n<h4>6)\u00a0\u00a0\u00a0\u00a0\u00a0\u00a0 ESISTENZA DI UN PROCESSO DECISIONALE AUTOMATIZZATO, COMPRESA LA PROFILAZIONE<\/h4>\n<p>Il Titolare del trattamento non adotta un processo decisionale automatizzato sul trattamento dei dati personali, compresa la profilazione, di cui all\u2019articolo 22 del GDPR.<\/p>\n<h4>7)\u00a0\u00a0\u00a0\u00a0\u00a0\u00a0 DIRITTI DEGLI INTERESSATI<\/h4>\n<p>Gli interessati hanno il diritto di ottenere dal Titolare del trattamento, nei casi previsti, l\u2019accesso ai dati personali e la rettifica o la cancellazione degli stessi o la limitazione del trattamento che li riguarda o di opporsi al trattamento (artt. 15 e ss. del GDPR). L\u2019apposita istanza al Titolare \u00e8 presentata contattando l\u2019email preposta per il riscontro all\u2019interessato.<\/p>\n<p><strong>DIRITTO DI RECLAMO<\/strong><\/p>\n<p>Gli interessati che ritengono che il trattamento dei dati personali a loro riferiti avvenga in violazione di quanto previsto dal GDPR, hanno il diritto di proporre reclamo all\u2019Autorit\u00e0 Garante per la Protezione dei Dati Personali (www.gpdp.it), come previsto dall\u2019art. 77 del GDPR stesso, o di adire le opportune sedi giudiziarie (art. 79 del GDPR).<\/p>\n<p><strong>MODIFICHE<\/strong><\/p>\n<p>Il Titolare si riserva il diritto di apportare modifiche, in qualsiasi momento, alla presente informativa. La versione in vigore \u00e8 pubblicata al seguente link: https:\/\/www.ortofruttabernardi.it\/privacy<\/p>\n<p>20\/01\/2019[\/vc_column_text][\/vc_column][\/vc_row]\n<\/div>","protected":false},"excerpt":{"rendered":"<p>[vc_row css=&#8221;.vc_custom_1557516971022{margin-top: 20px !important;margin-bottom: 20px !important;}&#8221;][vc_column][vc_column_text]INFORMATIVA SITO ORTOFRUTTABERNARDI.IT Informativa \u2013 Art. 13 Regolamento UE 2016\/679 (\u201cRegolamento GDPR\u201d) PREMESSA Che cos\u2019\u00e8 questo documento?\u00a0Questo documento \u00e8 l\u2019informativa sui trattamenti dei dati personali relativi al sito www.ortofruttabernardi.it A chi \u00e8 rivolto questo documento?\u00a0L\u2019informativa \u00e8 destinata a tutti i clienti e fornitori che interagiscono con il sito. Perch\u00e9 questo&hellip;<\/p>\n","protected":false},"author":1,"featured_media":0,"parent":0,"menu_order":0,"comment_status":"closed","ping_status":"closed","template":"","meta":{"footnotes":""},"class_list":["post-1023","page","type-page","status-publish","hentry","entry","no-media"],"yoast_head":"<!-- This site is optimized with the Yoast SEO plugin v27.0 - https:\/\/yoast.com\/product\/yoast-seo-wordpress\/ -->\n<title>Privacy Policy - Ortofrutta Bernardi<\/title>\n<meta name=\"robots\" content=\"index, follow, max-snippet:-1, max-image-preview:large, max-video-preview:-1\" \/>\n<link rel=\"canonical\" href=\"https:\/\/www.ortofruttabernardi.it\/en\/privacy\/\" \/>\n<meta property=\"og:locale\" content=\"en_US\" \/>\n<meta property=\"og:type\" content=\"article\" \/>\n<meta property=\"og:title\" content=\"Privacy Policy - Ortofrutta Bernardi\" \/>\n<meta property=\"og:description\" content=\"[vc_row css=&#8221;.vc_custom_1557516971022{margin-top: 20px !important;margin-bottom: 20px !important;}&#8221;][vc_column][vc_column_text]INFORMATIVA SITO ORTOFRUTTABERNARDI.IT Informativa \u2013 Art. 13 Regolamento UE 2016\/679 (\u201cRegolamento GDPR\u201d) PREMESSA Che cos\u2019\u00e8 questo documento?\u00a0Questo documento \u00e8 l\u2019informativa sui trattamenti dei dati personali relativi al sito www.ortofruttabernardi.it A chi \u00e8 rivolto questo documento?\u00a0L\u2019informativa \u00e8 destinata a tutti i clienti e fornitori che interagiscono con il sito. Perch\u00e9 questo&hellip;\" \/>\n<meta property=\"og:url\" content=\"https:\/\/www.ortofruttabernardi.it\/en\/privacy\/\" \/>\n<meta property=\"og:site_name\" content=\"Ortofrutta Bernardi\" \/>\n<meta property=\"article:modified_time\" content=\"2019-07-09T07:04:18+00:00\" \/>\n<meta name=\"twitter:card\" content=\"summary_large_image\" \/>\n<meta name=\"twitter:label1\" content=\"Est. reading time\" \/>\n\t<meta name=\"twitter:data1\" content=\"7 minutes\" \/>\n<!-- \/ Yoast SEO plugin. -->","yoast_head_json":{"title":"Privacy Policy - Ortofrutta Bernardi","robots":{"index":"index","follow":"follow","max-snippet":"max-snippet:-1","max-image-preview":"max-image-preview:large","max-video-preview":"max-video-preview:-1"},"canonical":"https:\/\/www.ortofruttabernardi.it\/en\/privacy\/","og_locale":"en_US","og_type":"article","og_title":"Privacy Policy - Ortofrutta Bernardi","og_description":"[vc_row css=&#8221;.vc_custom_1557516971022{margin-top: 20px !important;margin-bottom: 20px !important;}&#8221;][vc_column][vc_column_text]INFORMATIVA SITO ORTOFRUTTABERNARDI.IT Informativa \u2013 Art. 13 Regolamento UE 2016\/679 (\u201cRegolamento GDPR\u201d) PREMESSA Che cos\u2019\u00e8 questo documento?\u00a0Questo documento \u00e8 l\u2019informativa sui trattamenti dei dati personali relativi al sito www.ortofruttabernardi.it A chi \u00e8 rivolto questo documento?\u00a0L\u2019informativa \u00e8 destinata a tutti i clienti e fornitori che interagiscono con il sito. Perch\u00e9 questo&hellip;","og_url":"https:\/\/www.ortofruttabernardi.it\/en\/privacy\/","og_site_name":"Ortofrutta Bernardi","article_modified_time":"2019-07-09T07:04:18+00:00","twitter_card":"summary_large_image","twitter_misc":{"Est. reading time":"7 minutes"},"schema":{"@context":"https:\/\/schema.org","@graph":[{"@type":"WebPage","@id":"https:\/\/www.ortofruttabernardi.it\/en\/privacy\/","url":"https:\/\/www.ortofruttabernardi.it\/en\/privacy\/","name":"Privacy Policy - Ortofrutta Bernardi","isPartOf":{"@id":"https:\/\/www.ortofruttabernardi.it\/#website"},"datePublished":"2019-05-10T19:35:56+00:00","dateModified":"2019-07-09T07:04:18+00:00","breadcrumb":{"@id":"https:\/\/www.ortofruttabernardi.it\/en\/privacy\/#breadcrumb"},"inLanguage":"en-US","potentialAction":[{"@type":"ReadAction","target":["https:\/\/www.ortofruttabernardi.it\/en\/privacy\/"]}]},{"@type":"BreadcrumbList","@id":"https:\/\/www.ortofruttabernardi.it\/en\/privacy\/#breadcrumb","itemListElement":[{"@type":"ListItem","position":1,"name":"Home","item":"https:\/\/www.ortofruttabernardi.it\/en\/"},{"@type":"ListItem","position":2,"name":"Privacy Policy"}]},{"@type":"WebSite","@id":"https:\/\/www.ortofruttabernardi.it\/#website","url":"https:\/\/www.ortofruttabernardi.it\/","name":"Ortofrutta Bernardi","description":"Rimini","publisher":{"@id":"https:\/\/www.ortofruttabernardi.it\/#organization"},"potentialAction":[{"@type":"SearchAction","target":{"@type":"EntryPoint","urlTemplate":"https:\/\/www.ortofruttabernardi.it\/?s={search_term_string}"},"query-input":{"@type":"PropertyValueSpecification","valueRequired":true,"valueName":"search_term_string"}}],"inLanguage":"en-US"},{"@type":"Organization","@id":"https:\/\/www.ortofruttabernardi.it\/#organization","name":"Ortofrutta Bernardi","url":"https:\/\/www.ortofruttabernardi.it\/","logo":{"@type":"ImageObject","inLanguage":"en-US","@id":"https:\/\/www.ortofruttabernardi.it\/#\/schema\/logo\/image\/","url":"https:\/\/www.ortofruttabernardi.it\/wp-content\/uploads\/2019\/05\/logo-bernardi.jpg","contentUrl":"https:\/\/www.ortofruttabernardi.it\/wp-content\/uploads\/2019\/05\/logo-bernardi.jpg","width":270,"height":52,"caption":"Ortofrutta Bernardi"},"image":{"@id":"https:\/\/www.ortofruttabernardi.it\/#\/schema\/logo\/image\/"}}]}},"_links":{"self":[{"href":"https:\/\/www.ortofruttabernardi.it\/en\/wp-json\/wp\/v2\/pages\/1023","targetHints":{"allow":["GET"]}}],"collection":[{"href":"https:\/\/www.ortofruttabernardi.it\/en\/wp-json\/wp\/v2\/pages"}],"about":[{"href":"https:\/\/www.ortofruttabernardi.it\/en\/wp-json\/wp\/v2\/types\/page"}],"author":[{"embeddable":true,"href":"https:\/\/www.ortofruttabernardi.it\/en\/wp-json\/wp\/v2\/users\/1"}],"replies":[{"embeddable":true,"href":"https:\/\/www.ortofruttabernardi.it\/en\/wp-json\/wp\/v2\/comments?post=1023"}],"version-history":[{"count":1,"href":"https:\/\/www.ortofruttabernardi.it\/en\/wp-json\/wp\/v2\/pages\/1023\/revisions"}],"predecessor-version":[{"id":1024,"href":"https:\/\/www.ortofruttabernardi.it\/en\/wp-json\/wp\/v2\/pages\/1023\/revisions\/1024"}],"wp:attachment":[{"href":"https:\/\/www.ortofruttabernardi.it\/en\/wp-json\/wp\/v2\/media?parent=1023"}],"curies":[{"name":"wp","href":"https:\/\/api.w.org\/{rel}","templated":true}]}}